{"id":15,"date":"2017-11-28T06:50:57","date_gmt":"2017-11-28T06:50:57","guid":{"rendered":"http:\/\/klound.gavencreative.com\/?page_id=15"},"modified":"2026-02-24T20:04:02","modified_gmt":"2026-02-24T20:04:02","slug":"contacto","status":"publish","type":"page","link":"https:\/\/gmtradeshow.com\/en\/contacto\/","title":{"rendered":"Contact"},"content":{"rendered":"<section class=\"wpb-content-wrapper\"><div class=\"vc_row wpb_row vc_row-fluid vc_custom_1513739257182\">\n\t\t\t\t<div   class=\"jws-vc-row-ovelay\"><\/div>\n                <div  class=\"jws-over-lay\"><\/div>\n\t\t\t\t<div class=\"container\">\n\t\t\t\t\t<div class=\"wpb_column vc_column_container vc_col-sm-6\"><div class=\"vc_column-inner vc_custom_1513738934109\"><div class=\"wpb_wrapper\"><h3 style=\"font-size: 30px;color: #171717;line-height: 30px;text-align: left;font-family:Montserrat;font-weight:400;font-style:normal\" class=\"vc_custom_heading weight_500 vc_custom_1681972755063\" >CONT\u00c1CTANOS<\/h3><div class=\"vc_row wpb_row vc_inner vc_row-fluid vc_custom_1513739212763\"><div class=\"wpb_column vc_column_container vc_col-sm-6\"><div class=\"vc_column-inner\"><div class=\"wpb_wrapper\">\n\t<div class=\"wpb_raw_code wpb_content_element wpb_raw_html\" >\n\t\t<div class=\"wpb_wrapper\">\n\t\t\t<ul class=\"contact_footer\">\n<li style=\"color:#68686d\"><i style=\"color:#68686d\" class=\"ion-ios-location-outline\"><\/i>Bogot\u00e1, Colombia South America <\/li>\n<li style=\"color:#68686d\"><i style=\"color:#68686d\" class=\"ion-ios-email-outline\"><\/i>info@gmtradeshow.com<\/li>\n<\/ul>\n\t\t<\/div>\n\t<\/div>\n<\/div><\/div><\/div><div class=\"wpb_column vc_column_container vc_col-sm-6\"><div class=\"vc_column-inner\"><div class=\"wpb_wrapper\">\n\t<div class=\"wpb_raw_code wpb_content_element wpb_raw_html\" >\n\t\t<div class=\"wpb_wrapper\">\n\t\t\t<ul class=\"contact_footer\">\n<li style=\"color:#68686d\"><i style=\"color:#68686d\" class=\"ion-ios-telephone-outline\"><\/i>+57 3005457100<\/li>\n<li style=\"color:#68686d\"><i style=\"color:#68686d\" class=\"ion-ios-clock-outline\"><\/i>Lun - Sab : 8.00 - 17.00<\/li>\n<\/ul>\n\t\t<\/div>\n\t<\/div>\n<\/div><\/div><\/div><\/div>\n<div class=\"wpcf7 no-js\" id=\"wpcf7-f540-o1\" lang=\"en-US\" dir=\"ltr\" data-wpcf7-id=\"540\">\n<div class=\"screen-reader-response\"><p role=\"status\" aria-live=\"polite\" aria-atomic=\"true\"><\/p> <ul><\/ul><\/div>\n<form action=\"\/en\/wp-json\/wp\/v2\/pages\/15#wpcf7-f540-o1\" method=\"post\" class=\"wpcf7-form init\" aria-label=\"Contact form\" novalidate=\"novalidate\" data-status=\"init\" data-trp-original-action=\"\/en\/wp-json\/wp\/v2\/pages\/15#wpcf7-f540-o1\">\n<fieldset class=\"hidden-fields-container\"><input type=\"hidden\" name=\"_wpcf7\" value=\"540\" \/><input type=\"hidden\" name=\"_wpcf7_version\" value=\"6.1.5\" \/><input type=\"hidden\" name=\"_wpcf7_locale\" value=\"en_US\" \/><input type=\"hidden\" name=\"_wpcf7_unit_tag\" value=\"wpcf7-f540-o1\" \/><input type=\"hidden\" name=\"_wpcf7_container_post\" value=\"0\" \/><input type=\"hidden\" name=\"_wpcf7_posted_data_hash\" value=\"\" \/><input type=\"hidden\" name=\"_wpcf7_recaptcha_response\" value=\"\" \/>\n<\/fieldset>\n<div class=\"form_contact\">\n\t<p><span class=\"wpcf7-form-control-wrap\" data-name=\"nombre\"><input size=\"40\" maxlength=\"400\" class=\"wpcf7-form-control wpcf7-text wpcf7-validates-as-required\" aria-required=\"true\" aria-invalid=\"false\" placeholder=\"Nombre\" value=\"\" type=\"text\" name=\"nombre\" \/><\/span>\n\t<\/p>\n\t<p><span class=\"wpcf7-form-control-wrap\" data-name=\"email\"><input size=\"40\" maxlength=\"400\" class=\"wpcf7-form-control wpcf7-email wpcf7-validates-as-required wpcf7-text wpcf7-validates-as-email\" aria-required=\"true\" aria-invalid=\"false\" placeholder=\"email\" value=\"\" type=\"email\" name=\"email\" \/><\/span>\n\t<\/p>\n\t<p><span class=\"wpcf7-form-control-wrap\" data-name=\"telefono\"><input size=\"40\" maxlength=\"400\" class=\"wpcf7-form-control wpcf7-tel wpcf7-validates-as-required wpcf7-text wpcf7-validates-as-tel\" aria-required=\"true\" aria-invalid=\"false\" placeholder=\"Tel\u00e9fono\" value=\"\" type=\"tel\" name=\"telefono\" \/><\/span>\n\t<\/p>\n\t<p><span class=\"wpcf7-form-control-wrap\" data-name=\"mensaje\"><textarea cols=\"40\" rows=\"10\" maxlength=\"2000\" class=\"wpcf7-form-control wpcf7-textarea\" aria-invalid=\"false\" placeholder=\"Mensaje\" name=\"mensaje\"><\/textarea><\/span>\n\t<\/p>\n<span class=\"wpcf7-form-control-wrap recaptcha\" data-name=\"recaptcha\"><span data-sitekey=\"6LfE8qklAAAAADp4uaebuMndu4xvmB9lRFYFSqri\" class=\"wpcf7-form-control wpcf7-recaptcha g-recaptcha\"><\/span>\r\n<noscript>\r\n\t<div class=\"grecaptcha-noscript\">\r\n\t\t<iframe loading=\"lazy\" src=\"https:\/\/www.google.com\/recaptcha\/api\/fallback?k=6LfE8qklAAAAADp4uaebuMndu4xvmB9lRFYFSqri\" frameborder=\"0\" scrolling=\"no\" width=\"310\" height=\"430\">\r\n\t\t<\/iframe>\r\n\t\t<textarea name=\"g-recaptcha-response\" rows=\"3\" cols=\"40\" placeholder=\"reCaptcha Response Here\">\r\n\t\t<\/textarea>\r\n\t<\/div>\r\n<\/noscript>\r\n<\/span>\n\t<p><input class=\"wpcf7-form-control wpcf7-submit has-spinner\" type=\"submit\" value=\"Enviar\" \/>\n\t<\/p>\n<\/div><div class=\"wpcf7-response-output\" aria-hidden=\"true\"><\/div>\n<input type=\"hidden\" name=\"trp-form-language\" value=\"en\"\/><\/form>\n<\/div>\n<\/div><\/div><\/div><div class=\"wpb_column vc_column_container vc_col-sm-6\"><div class=\"vc_column-inner vc_custom_1513738945681\"><div class=\"wpb_wrapper\">\n\t<div class=\"wpb_text_column wpb_content_element\" >\n\t\t<div class=\"wpb_wrapper\">\n\t\t\t<p><iframe loading=\"lazy\" style=\"border: 0;\" src=\"https:\/\/www.google.com\/maps\/embed?pb=!1m18!1m12!1m3!1d307.1339285808062!2d-74.0657513920377!3d4.738159402659897!2m3!1f0!2f0!3f0!3m2!1i1024!2i768!4f13.1!3m3!1m2!1s0x8e3f857ed9283001%3A0x9eb3b2247c8f8d56!2sColina%20Centro%20Empresarial!5e0!3m2!1ses-419!2sco!4v1682133248561!5m2!1ses-419!2sco\" width=\"600\" height=\"450\" allowfullscreen=\"allowfullscreen\"><\/iframe><\/p>\n\n\t\t<\/div>\n\t<\/div>\n<\/div><\/div><\/div>\n\t\t\t\t<\/div>\n\t\t\t<\/div><div class=\"vc_row wpb_row vc_row-fluid vc_custom_1512531395392 vc_row-has-fill background-parallax\">\n\t\t\t\t<div   class=\"jws-vc-row-ovelay\"><\/div>\n                <div  class=\"jws-over-lay\"><\/div>\n\t\t\t\t<div class=\"container\">\n\t\t\t\t\t<div class=\"wpb_column vc_column_container vc_col-sm-12\"><div class=\"vc_column-inner\"><div class=\"wpb_wrapper\"><h4 style=\"font-size: 30px;color: #ffffff;text-align: center;font-family:Montserrat;font-weight:400;font-style:normal\" class=\"vc_custom_heading wpb_animate_when_almost_visible wpb_fadeInUp fadeInUp vc_custom_1682826495805\" >ESTAS LISTO PARA TENER \u00c9XITO CON NOSOTROS?<\/h4><p style=\"font-size: 16px;color: #a9a9a9;line-height: 30px;text-align: center;font-family:Montserrat;font-weight:400;font-style:normal\" class=\"vc_custom_heading wpb_animate_when_almost_visible wpb_fadeInUp fadeInUp vc_custom_1682826565859\" >Cu\u00e9ntanos sobre tus productos y a qu\u00e9 feria quieres asistir.<\/p>        <div class=\"wpb_animate_when_almost_visible wpb_fadeInUp fadeInUp\">\n\t\t\t<div style=\"border-radius: 25px;     background-size: 200% auto; background-image: linear-gradient(to right,#43cda2 0%,#185a9d 51%,#43cda2 100%) !important; margin:0 auto; width: 270px  ; height: 45px ; line-height: 45px ; text-align: center; color: #ffffff; font-size: 14px; font-weight: 500;display: block; cursor: pointer;\" class=\"button_kloud hvr-float-shadow\" onclick=\"window.location.href='#'\" >\n                START YOUR PROJECT            <\/div> \n        <\/div>       \n\t\t<\/div><\/div><\/div>\n\t\t\t\t<\/div>\n\t\t\t<\/div>\n<\/section>","protected":false},"excerpt":{"rendered":"CONT\u00c1CTANOS Bogot\u00e1, Colombia South America info@gmtradeshow.com +57 3005457100 Lun - Sab : 8.00 - 17.00 ESTAS LISTO PARA TENER \u00c9XITO CON NOSOTROS?Cu\u00e9ntanos sobre tus productos y a qu\u00e9 feria quieres asistir. START YOUR PROJECT","protected":false},"author":1,"featured_media":0,"parent":0,"menu_order":0,"comment_status":"closed","ping_status":"closed","template":"","meta":{"footnotes":""},"class_list":["post-15","page","type-page","status-publish","hentry"],"_links":{"self":[{"href":"https:\/\/gmtradeshow.com\/en\/wp-json\/wp\/v2\/pages\/15","targetHints":{"allow":["GET"]}}],"collection":[{"href":"https:\/\/gmtradeshow.com\/en\/wp-json\/wp\/v2\/pages"}],"about":[{"href":"https:\/\/gmtradeshow.com\/en\/wp-json\/wp\/v2\/types\/page"}],"author":[{"embeddable":true,"href":"https:\/\/gmtradeshow.com\/en\/wp-json\/wp\/v2\/users\/1"}],"replies":[{"embeddable":true,"href":"https:\/\/gmtradeshow.com\/en\/wp-json\/wp\/v2\/comments?post=15"}],"version-history":[{"count":12,"href":"https:\/\/gmtradeshow.com\/en\/wp-json\/wp\/v2\/pages\/15\/revisions"}],"predecessor-version":[{"id":2271,"href":"https:\/\/gmtradeshow.com\/en\/wp-json\/wp\/v2\/pages\/15\/revisions\/2271"}],"wp:attachment":[{"href":"https:\/\/gmtradeshow.com\/en\/wp-json\/wp\/v2\/media?parent=15"}],"curies":[{"name":"wp","href":"https:\/\/api.w.org\/{rel}","templated":true}]}}