{"id":834,"date":"2017-12-14T08:47:52","date_gmt":"2017-12-14T08:47:52","guid":{"rendered":"http:\/\/klound.gavencreative.com\/?page_id=834"},"modified":"2023-06-22T23:00:47","modified_gmt":"2023-06-22T23:00:47","slug":"noticias","status":"publish","type":"page","link":"https:\/\/gmtradeshow.com\/en\/noticias\/","title":{"rendered":"Noticias"},"content":{"rendered":"<section class=\"wpb-content-wrapper\"><div class=\"vc_row wpb_row vc_row-fluid vc_custom_1513245707240\">\n\t\t\t\t<div   class=\"jws-vc-row-ovelay\"><\/div>\n                <div  class=\"jws-over-lay\"><\/div>\n\t\t\t\t<div class=\"container\">\n\t\t\t\t\t<div class=\"wpb_column vc_column_container vc_col-sm-12\"><div class=\"vc_column-inner\"><div class=\"wpb_wrapper\"><div class=\"kloud-blog-holder row jws-masonry border-bottom\" data-paged=\"1\" data-atts=\"{&quot;post_type&quot;:&quot;post&quot;,&quot;include&quot;:&quot;&quot;,&quot;custom_query&quot;:&quot;&quot;,&quot;taxonomies&quot;:&quot;&quot;,&quot;pagination&quot;:&quot;pagination&quot;,&quot;parts_title&quot;:true,&quot;parts_meta&quot;:true,&quot;parts_text&quot;:true,&quot;parts_btn&quot;:true,&quot;items_per_page&quot;:&quot;8&quot;,&quot;offset&quot;:&quot;&quot;,&quot;orderby&quot;:&quot;date&quot;,&quot;blog_design&quot;:&quot;border-bottom&quot;,&quot;order&quot;:&quot;DESC&quot;,&quot;meta_key&quot;:&quot;&quot;,&quot;exclude&quot;:&quot;&quot;,&quot;ajax_page&quot;:&quot;&quot;,&quot;img_size&quot;:&quot;570 x 355&quot;,&quot;blog_columns&quot;:&quot;2&quot;,&quot;readmore_text&quot;:&quot;Read More&quot;,&quot;review&quot;:false,&quot;like&quot;:&quot;1&quot;,&quot;thumbnail_show&quot;:&quot;1&quot;,&quot;animation&quot;:&quot;&quot;}\" data-masonry='{\"selector\":\".post-item \", \"columnWidth\":\".grid-sizer\",\"layoutMode\":\"packery\"}' ><div class=\"grid-sizer size-6\"><\/div>                <div class=\"post-item layout-2  col-lg-6 col-md-6 col-sm-12 col-xs-12\">\n                     \t              \r\n<div class=\"bog-image\">\r\n    <a href=\"https:\/\/gmtradeshow.com\/en\/la-candidatura-de-malaga-a-la-expo-2027-estara-presente-en-fitur-2023\/\">\r\n        <img loading=\"lazy\" decoding=\"async\" class=\"attachment-large wp-post-image\" src=\"https:\/\/gmtradeshow.com\/wp-content\/uploads\/2018\/05\/IMG_5602-570x355.jpeg\" width=\"570\" height=\"355\" alt=\"IMG_5602\" title=\"IMG_5602\" \/>    <\/a>\r\n    <div class=\"link_content\">\r\n        <a href=\"https:\/\/gmtradeshow.com\/en\/la-candidatura-de-malaga-a-la-expo-2027-estara-presente-en-fitur-2023\/\"><span class=\"ion-ios-arrow-thin-right\"><\/span><\/a>\r\n    <\/div>\r\n<\/div>\r\n<div class=\"content-blog\">\r\n    <div class=\"content-inner\">\r\n        <div class=\"blog-innfo\"> <span class=\"child\">3 de June de 2023<\/span>\r\n        <\/div>\r\n        <div class=\"title\">\r\n            <h6><a href=\"https:\/\/gmtradeshow.com\/en\/la-candidatura-de-malaga-a-la-expo-2027-estara-presente-en-fitur-2023\/\">La candidatura de M\u00e1laga a la Expo 2027 estar\u00e1 presente en Fitur 2023<\/a><\/h6>\r\n        <\/div>\r\n        <div class=\"blog-excrept\">\r\n            <p>La propuesta \u201cLa era urbana: hacia la ciudad sostenible\u201d, con la que la candidatura de M\u00e1laga aspira a organizar la Exposici\u00f3n Internacional Expo en 2027, se presenta como una oportunidad para abordar los desaf\u00edos del cambio clim\u00e1tico y el crecimiento demogr\u00e1fico y transformar las ciudades en entornos m\u00e1s eficientes.<\/p>\n        <\/div>\r\n        <div class=\"blog-bottom display_flex\">\r\n            <div class=\"comment\"><span class=\"ion-ios-chatbubble-outline\"><\/span>\r\n                0            <\/div>\r\n                                    <div class=\"like\">\r\n                <a href=\"#\" class=\"zilla-likes\" id=\"zilla-likes-852\" title=\"Like this\"><span class=\"zilla-likes-count\">6<\/span> <span class=\"zilla-likes-postfix\"><\/span><\/a>            <\/div>\r\n                        <div class=\"author\"><span class=\"child\">By <\/span>\r\n                admin            <\/div>\r\n            <div class=\"share\">\r\n                <div class=\"action_ahare\">\r\n                    <span class=\"ion-android-share-alt\"><\/span>\r\n                <\/div>\r\n                \t   <div class=\"social_share\">\n            <ul>\n                <li class=\"facebook\"><a target=\"_blank\" href=\"https:\/\/www.facebook.com\/sharer\/sharer.php?u=https:\/\/gmtradeshow.com\/en\/la-candidatura-de-malaga-a-la-expo-2027-estara-presente-en-fitur-2023\/\"><span class=\"ion-social-facebook\"><\/span><span>Facebook<\/span><\/a><\/li>\n                <li class=\"twiter\"><a target=\"_blank\" href=\"http:\/\/twitter.com\/share?url=https:\/\/gmtradeshow.com\/en\/la-candidatura-de-malaga-a-la-expo-2027-estara-presente-en-fitur-2023\/\"><span class=\"ion-social-twitter\"><\/span><span>Twitter<\/span><\/a><\/li>\n                <li class=\"google\"><a target=\"_blank\" href=\"http:\/\/plus.google.com\/share?url=https:\/\/gmtradeshow.com\/en\/la-candidatura-de-malaga-a-la-expo-2027-estara-presente-en-fitur-2023\/\"><span class=\"ion-social-google\"><\/span><span>Google+<\/span><\/a><\/li>\n            <\/ul>\n       <\/div>  \n\t            <\/div>\r\n        <\/div>\r\n\r\n    <\/div>\r\n<\/div>\r\n   \n                <\/div>\n                            <div class=\"post-item layout-2  col-lg-6 col-md-6 col-sm-12 col-xs-12\">\n                     \t              \r\n<div class=\"bog-image\">\r\n    <a href=\"https:\/\/gmtradeshow.com\/en\/como-te-puedes-preparar-para-un-trade-show-internacional\/\">\r\n        <img loading=\"lazy\" decoding=\"async\" class=\"attachment-large wp-post-image\" src=\"https:\/\/gmtradeshow.com\/wp-content\/uploads\/2023\/04\/IMG_5614-570x355.jpeg\" width=\"570\" height=\"355\" alt=\"IMG_5614\" title=\"IMG_5614\" \/>    <\/a>\r\n    <div class=\"link_content\">\r\n        <a href=\"https:\/\/gmtradeshow.com\/en\/como-te-puedes-preparar-para-un-trade-show-internacional\/\"><span class=\"ion-ios-arrow-thin-right\"><\/span><\/a>\r\n    <\/div>\r\n<\/div>\r\n<div class=\"content-blog\">\r\n    <div class=\"content-inner\">\r\n        <div class=\"blog-innfo\"> <span class=\"child\">3 de June de 2023<\/span>\r\n        <\/div>\r\n        <div class=\"title\">\r\n            <h6><a href=\"https:\/\/gmtradeshow.com\/en\/como-te-puedes-preparar-para-un-trade-show-internacional\/\">\u00bfC\u00f3mo te puedes preparar para un Trade Show internacional?<\/a><\/h6>\r\n        <\/div>\r\n        <div class=\"blog-excrept\">\r\n            <p>Es esencial asistir a Trade Shows en la Uni\u00f3n Europea si deseas vender tus productos o servicios a nivel internacional. Estos eventos proporcionan una oportunidad \u00fanica para conectarte con clientes potenciales, establecer contactos con otros profesionales de la industria y promover tu marca en un entorno comercial altamente competitivo. Adem\u00e1s, pueden ayudarte a identificar nuevas tendencias y oportunidades de mercado que de otra manera podr\u00edan pasar desapercibidas.<\/p>\n        <\/div>\r\n        <div class=\"blog-bottom display_flex\">\r\n            <div class=\"comment\"><span class=\"ion-ios-chatbubble-outline\"><\/span>\r\n                0            <\/div>\r\n                                    <div class=\"like\">\r\n                <a href=\"#\" class=\"zilla-likes\" id=\"zilla-likes-854\" title=\"Like this\"><span class=\"zilla-likes-count\">4<\/span> <span class=\"zilla-likes-postfix\"><\/span><\/a>            <\/div>\r\n                        <div class=\"author\"><span class=\"child\">By <\/span>\r\n                admin            <\/div>\r\n            <div class=\"share\">\r\n                <div class=\"action_ahare\">\r\n                    <span class=\"ion-android-share-alt\"><\/span>\r\n                <\/div>\r\n                \t   <div class=\"social_share\">\n            <ul>\n                <li class=\"facebook\"><a target=\"_blank\" href=\"https:\/\/www.facebook.com\/sharer\/sharer.php?u=https:\/\/gmtradeshow.com\/en\/como-te-puedes-preparar-para-un-trade-show-internacional\/\"><span class=\"ion-social-facebook\"><\/span><span>Facebook<\/span><\/a><\/li>\n                <li class=\"twiter\"><a target=\"_blank\" href=\"http:\/\/twitter.com\/share?url=https:\/\/gmtradeshow.com\/en\/como-te-puedes-preparar-para-un-trade-show-internacional\/\"><span class=\"ion-social-twitter\"><\/span><span>Twitter<\/span><\/a><\/li>\n                <li class=\"google\"><a target=\"_blank\" href=\"http:\/\/plus.google.com\/share?url=https:\/\/gmtradeshow.com\/en\/como-te-puedes-preparar-para-un-trade-show-internacional\/\"><span class=\"ion-social-google\"><\/span><span>Google+<\/span><\/a><\/li>\n            <\/ul>\n       <\/div>  \n\t            <\/div>\r\n        <\/div>\r\n\r\n    <\/div>\r\n<\/div>\r\n   \n                <\/div>\n            <\/div>        <\/div><\/div><\/div>\n\t\t\t\t<\/div>\n\t\t\t<\/div>\n<\/section>","protected":false},"excerpt":{"rendered":"Algunos de los beneficios de este tipo de eventos son: -Tienes un acercamiento y exposici\u00f3n directa con el mercado -Puedes conocer de cerca los productos de tu competencia -Conoces las nuevas tendencias del mercado -Te permiten evaluar la reacci\u00f3n de tus compradores potenciales ante tus productos Hay que considerar que estar presentes en un evento [...]","protected":false},"author":1,"featured_media":0,"parent":0,"menu_order":0,"comment_status":"closed","ping_status":"closed","template":"","meta":{"footnotes":""},"class_list":["post-834","page","type-page","status-publish","hentry"],"_links":{"self":[{"href":"https:\/\/gmtradeshow.com\/en\/wp-json\/wp\/v2\/pages\/834","targetHints":{"allow":["GET"]}}],"collection":[{"href":"https:\/\/gmtradeshow.com\/en\/wp-json\/wp\/v2\/pages"}],"about":[{"href":"https:\/\/gmtradeshow.com\/en\/wp-json\/wp\/v2\/types\/page"}],"author":[{"embeddable":true,"href":"https:\/\/gmtradeshow.com\/en\/wp-json\/wp\/v2\/users\/1"}],"replies":[{"embeddable":true,"href":"https:\/\/gmtradeshow.com\/en\/wp-json\/wp\/v2\/comments?post=834"}],"version-history":[{"count":4,"href":"https:\/\/gmtradeshow.com\/en\/wp-json\/wp\/v2\/pages\/834\/revisions"}],"predecessor-version":[{"id":2187,"href":"https:\/\/gmtradeshow.com\/en\/wp-json\/wp\/v2\/pages\/834\/revisions\/2187"}],"wp:attachment":[{"href":"https:\/\/gmtradeshow.com\/en\/wp-json\/wp\/v2\/media?parent=834"}],"curies":[{"name":"wp","href":"https:\/\/api.w.org\/{rel}","templated":true}]}}