{"id":988,"date":"2017-04-19T08:49:15","date_gmt":"2017-04-19T08:49:15","guid":{"rendered":"http:\/\/klound.gavencreative.com\/?page_id=988"},"modified":"2023-06-20T23:16:27","modified_gmt":"2023-06-20T23:16:27","slug":"nosotros","status":"publish","type":"page","link":"https:\/\/gmtradeshow.com\/en\/nosotros\/","title":{"rendered":"About us"},"content":{"rendered":"<section class=\"wpb-content-wrapper\"><div class=\"vc_row wpb_row vc_row-fluid vc_custom_1525686772484\">\n\t\t\t\t<div   class=\"jws-vc-row-ovelay\"><\/div>\n                <div  class=\"jws-over-lay\"><\/div>\n\t\t\t\t<div class=\"container\">\n\t\t\t\t\t<div class=\"wpb_column vc_column_container vc_col-sm-12 vc_col-lg-6 vc_col-md-6\"><div class=\"vc_column-inner\"><div class=\"wpb_wrapper\">\n\t<div  class=\"wpb_single_image wpb_content_element vc_align_center  wpb_animate_when_almost_visible wpb_fadeInLeft fadeInLeft vc_custom_1682131814758\">\n\t\t\n\t\t<figure class=\"wpb_wrapper vc_figure\">\n\t\t\t<div class=\"vc_single_image-wrapper   vc_box_border_grey\"><img loading=\"lazy\" decoding=\"async\" width=\"1200\" height=\"800\" src=\"https:\/\/gmtradeshow.com\/wp-content\/uploads\/2023\/04\/b1.jpg\" class=\"vc_single_image-img attachment-full\" alt=\"\" title=\"b1\" srcset=\"https:\/\/gmtradeshow.com\/wp-content\/uploads\/2023\/04\/b1.jpg 1200w, https:\/\/gmtradeshow.com\/wp-content\/uploads\/2023\/04\/b1-300x200.jpg 300w, https:\/\/gmtradeshow.com\/wp-content\/uploads\/2023\/04\/b1-1024x683.jpg 1024w, https:\/\/gmtradeshow.com\/wp-content\/uploads\/2023\/04\/b1-768x512.jpg 768w, https:\/\/gmtradeshow.com\/wp-content\/uploads\/2023\/04\/b1-18x12.jpg 18w, https:\/\/gmtradeshow.com\/wp-content\/uploads\/2023\/04\/b1-600x400.jpg 600w\" sizes=\"auto, (max-width: 1200px) 100vw, 1200px\" \/><\/div>\n\t\t<\/figure>\n\t<\/div>\n<\/div><\/div><\/div><div class=\"wpb_column vc_column_container vc_col-sm-12 vc_col-lg-6 vc_col-md-6\"><div class=\"vc_column-inner\"><div class=\"wpb_wrapper\">\n\t<div class=\"wpb_text_column wpb_content_element  wpb_animate_when_almost_visible wpb_fadeInUp fadeInUp vc_custom_1682121186503\" >\n\t\t<div class=\"wpb_wrapper\">\n\t\t\t<p>GM Trade Show con su experiencia de 20 a\u00f1os ofrece servicios de asesoramiento y acompa\u00f1amiento en ferias comerciales, conocidas como \u00abTrade shows\u00bb, en las que nuestros clientes pueden exhibir sus productos y servicios a nivel nacional e internacional. Adem\u00e1s, nos especializamos en la venta de artesan\u00edas, marroquinera y joyas con esmeraldas colombianas, ofreciendo productos \u00fanicos y de alta calidad. Nuestro equipo de expertos est\u00e1 altamente capacitado para brindar asesoramiento y apoyo en todas las fases de participaci\u00f3n en Trade shows, desde la selecci\u00f3n del evento adecuado hasta la planificaci\u00f3n y ejecuci\u00f3n de la participaci\u00f3n en el evento. Nos aseguramos de que nuestros clientes est\u00e9n preparados y equipados con todas las herramientas necesarias para obtener los mejores resultados posibles.<\/p>\n\n\t\t<\/div>\n\t<\/div>\n<div class=\"vc_row wpb_row vc_inner vc_row-fluid\"><div class=\"wpb_column vc_column_container vc_col-sm-5\"><div class=\"vc_column-inner\"><div class=\"wpb_wrapper\">        <div class=\"counter_up_out layout1\">\n\t\t\t<div class=\"extra-counter custom\">\n                <div class=\"text_content\">\n                                            <span class=\"ion-happy\"><\/span>\n                    \t\t\t\t    <h2 class=\"counter-value odometer\" data-number=\"215\" data-duration=\"2000\"  >0<\/h2>\n\t\t\t\t\t\t\t\t\t<p class=\"counter-label\">Cliente Satisfecho<\/p>\n                                <\/div>  \n\t\t\t<\/div>\n        <\/div>\n\n\t\t<\/div><\/div><\/div><div class=\"wpb_column vc_column_container vc_col-sm-5\"><div class=\"vc_column-inner\"><div class=\"wpb_wrapper\">        <div class=\"counter_up_out layout1\">\n\t\t\t<div class=\"extra-counter custom\">\n                <div class=\"text_content\">\n                                            <span class=\"ion-ios-star\"><\/span>\n                    \t\t\t\t    <h2 class=\"counter-value odometer\" data-number=\"220\" data-duration=\"2000\"  >0<\/h2>\n\t\t\t\t\t\t\t\t\t<p class=\"counter-label\">Ferias Ejecutadas<\/p>\n                                <\/div>  \n\t\t\t<\/div>\n        <\/div>\n\n\t\t<\/div><\/div><\/div><div class=\"wpb_column vc_column_container vc_col-sm-2\"><div class=\"vc_column-inner\"><div class=\"wpb_wrapper\"><\/div><\/div><\/div><\/div><div class=\"vc_empty_space  hidden-xs\"   style=\"height: 40px\"><span class=\"vc_empty_space_inner\"><\/span><\/div><div class=\"vc_row wpb_row vc_inner vc_row-fluid\"><div class=\"wpb_column vc_column_container vc_col-sm-5\"><div class=\"vc_column-inner\"><div class=\"wpb_wrapper\">        <div class=\"counter_up_out layout1\">\n\t\t\t<div class=\"extra-counter custom\">\n                <div class=\"text_content\">\n                                            <span class=\"ion-coffee\"><\/span>\n                    \t\t\t\t    <h2 class=\"counter-value odometer\" data-number=\"940\" data-duration=\"2000\"  >0<\/h2>\n\t\t\t\t\t\t\t\t\t<p class=\"counter-label\">Productos Exhibidos<\/p>\n                                <\/div>  \n\t\t\t<\/div>\n        <\/div>\n\n\t\t<\/div><\/div><\/div><div class=\"wpb_column vc_column_container vc_col-sm-5\"><div class=\"vc_column-inner\"><div class=\"wpb_wrapper\">        <div class=\"counter_up_out layout1\">\n\t\t\t<div class=\"extra-counter custom\">\n                <div class=\"text_content\">\n                                            <span class=\"ion-trophy\"><\/span>\n                    \t\t\t\t    <h2 class=\"counter-value odometer\" data-number=\"23\" data-duration=\"2000\"  >0<\/h2>\n\t\t\t\t\t\t\t\t\t<p class=\"counter-label\">Paises Visitados<\/p>\n                                <\/div>  \n\t\t\t<\/div>\n        <\/div>\n\n\t\t<\/div><\/div><\/div><div class=\"wpb_column vc_column_container vc_col-sm-2\"><div class=\"vc_column-inner\"><div class=\"wpb_wrapper\"><\/div><\/div><\/div><\/div><\/div><\/div><\/div>\n\t\t\t\t<\/div>\n\t\t\t<\/div><div class=\"vc_row wpb_row vc_row-fluid vc_custom_1525686844567 vc_row-has-fill\">\n\t\t\t\t<div   class=\"jws-vc-row-ovelay\"><\/div>\n                <div  class=\"jws-over-lay\"><\/div>\n\t\t\t\t<div class=\"container\">\n\t\t\t\t\t<div class=\"wpb_column vc_column_container vc_col-sm-12\"><div class=\"vc_column-inner\"><div class=\"wpb_wrapper\"><div class=\"vc_row wpb_row vc_inner vc_row-fluid\"><div class=\"wpb_column vc_column_container vc_col-sm-4\"><div class=\"vc_column-inner vc_custom_1515569641025\"><div class=\"wpb_wrapper\">\t\t\t<div class=\"wpb_animate_when_almost_visible wpb_fadeInUp fadeInUp cursor-pointer kloud-info-box text-center icon-alignment-top box-style-base color-scheme-dark  hover2 left_icon\" onclick=\"window.location.href='\/Contacto'\" >\n                            \n\t\t\t\t\t\t\t\t\t<div class=\"box-icon-wrapper\">\n\t\t\t\t\t\t<div class=\"info-box-icon\">\n\t\t\t\t\t\t\t\t\t\t\t\t\t\t\t\t\t\t\t\t\t\t\t\t\t\t\t\t\t\t\t\t\t\t                                <div class=\"has_icon\"><span style=\"color:#a4cd02\" class=\"ion-leaf\"><\/span><\/div>                                                                                                \n\t\t\t\t\t\t<\/div>\n\t\t\t\t\t<\/div>\n\t\t\t\t\t\t\t\t<div class=\"info-box-content\">\n\t\t\t\t\t<div class=\"info-box-inner\">\n                        <p>\n\t\t\t\t\t\t<\/p>\n<h4 style=\"font-size: 16px; margin-bottom: 15px;\">Log\u00edstica<\/h4>\n<p>La log\u00edstica para un Trade show implica la planificaci\u00f3n y coordinaci\u00f3n de transporte, alojamiento, almacenamiento, montaje y desmontaje de equipos y materiales.\t\t\t\t\t<\/div>\n\t\t\t\t<\/div>\n                \t\t\t<\/div>\n\t\t<\/div><\/div><\/div><div class=\"wpb_column vc_column_container vc_col-sm-4\"><div class=\"vc_column-inner vc_custom_1515569646754\"><div class=\"wpb_wrapper\">\t\t\t<div class=\"wpb_animate_when_almost_visible wpb_fadeInUp fadeInUp cursor-pointer kloud-info-box text-center icon-alignment-top box-style-base color-scheme-dark  hover2 left_icon\" onclick=\"window.location.href='\/Contacto'\" >\n                            \n\t\t\t\t\t\t\t\t\t<div class=\"box-icon-wrapper\">\n\t\t\t\t\t\t<div class=\"info-box-icon\">\n\t\t\t\t\t\t\t\t\t\t\t\t\t\t\t\t\t\t\t\t\t\t\t\t\t\t\t\t\t\t\t\t\t\t                                <div class=\"has_icon\"><span style=\"color:#02c1b2\" class=\"ion-help-buoy\"><\/span><\/div>                                                                                                \n\t\t\t\t\t\t<\/div>\n\t\t\t\t\t<\/div>\n\t\t\t\t\t\t\t\t<div class=\"info-box-content\">\n\t\t\t\t\t<div class=\"info-box-inner\">\n                        <p>\n\t\t\t\t\t\t<\/p>\n<h4 style=\"font-size: 16px; margin-bottom: 15px;\">Dise\u00f1amos<\/h4>\n<p>El dise\u00f1o implica la creaci\u00f3n y planificaci\u00f3n de soluciones est\u00e9ticas y funcionales para satisfacer necesidades espec\u00edficas del usuario.\t\t\t\t\t<\/div>\n\t\t\t\t<\/div>\n                \t\t\t<\/div>\n\t\t<\/div><\/div><\/div><div class=\"wpb_column vc_column_container vc_col-sm-4\"><div class=\"vc_column-inner vc_custom_1515569652139\"><div class=\"wpb_wrapper\">\t\t\t<div class=\"wpb_animate_when_almost_visible wpb_fadeInUp fadeInUp cursor-pointer kloud-info-box text-center icon-alignment-top box-style-base color-scheme-dark  hover2 left_icon\" onclick=\"window.location.href='\/Contacto'\" >\n                            \n\t\t\t\t\t\t\t\t\t<div class=\"box-icon-wrapper\">\n\t\t\t\t\t\t<div class=\"info-box-icon\">\n\t\t\t\t\t\t\t\t\t\t\t\t\t\t\t\t\t\t\t\t\t\t\t\t\t\t\t\t\t\t\t\t\t\t                                <div class=\"has_icon\"><span style=\"color:#00aeef\" class=\"ion-waterdrop\"><\/span><\/div>                                                                                                \n\t\t\t\t\t\t<\/div>\n\t\t\t\t\t<\/div>\n\t\t\t\t\t\t\t\t<div class=\"info-box-content\">\n\t\t\t\t\t<div class=\"info-box-inner\">\n                        <p>\n\t\t\t\t\t\t<\/p>\n<h4 style=\"font-size: 16px; margin-bottom: 15px;\">Marketing Ferial<\/h4>\n<p>El marketing ferial busca promocionar y dar a conocer una marca o producto mediante acciones en eventos y ferias comerciales.\t\t\t\t\t<\/div>\n\t\t\t\t<\/div>\n                \t\t\t<\/div>\n\t\t<\/div><\/div><\/div><\/div><div class=\"vc_row wpb_row vc_inner vc_row-fluid\"><div class=\"wpb_column vc_column_container vc_col-sm-4\"><div class=\"vc_column-inner vc_custom_1515569657865\"><div class=\"wpb_wrapper\">\t\t\t<div class=\"wpb_animate_when_almost_visible wpb_fadeInUp fadeInUp cursor-pointer kloud-info-box text-center icon-alignment-top box-style-base color-scheme-dark  hover2 left_icon\" onclick=\"window.location.href='\/Contacto'\" >\n                            \n\t\t\t\t\t\t\t\t\t<div class=\"box-icon-wrapper\">\n\t\t\t\t\t\t<div class=\"info-box-icon\">\n\t\t\t\t\t\t\t\t\t\t\t\t\t\t\t\t\t\t\t\t\t\t\t\t\t\t\t\t\t\t\t\t\t\t                                <div class=\"has_icon\"><span style=\"color:\" class=\"ion-ios-grid-view\"><\/span><\/div>                                                                                                \n\t\t\t\t\t\t<\/div>\n\t\t\t\t\t<\/div>\n\t\t\t\t\t\t\t\t<div class=\"info-box-content\">\n\t\t\t\t\t<div class=\"info-box-inner\">\n                        <p>\n\t\t\t\t\t\t<\/p>\n<h4 style=\"font-size: 16px; margin-bottom: 15px;\">Participaci\u00f3n Ferial<\/h4>\n<p>La participaci\u00f3n empresarial implica la presencia activa y estrat\u00e9gica de una empresa en eventos y ferias comerciales para generar negocios.\t\t\t\t\t<\/div>\n\t\t\t\t<\/div>\n                \t\t\t<\/div>\n\t\t<\/div><\/div><\/div><div class=\"wpb_column vc_column_container vc_col-sm-4\"><div class=\"vc_column-inner vc_custom_1515569663154\"><div class=\"wpb_wrapper\">\t\t\t<div class=\"wpb_animate_when_almost_visible wpb_fadeInUp fadeInUp cursor-pointer kloud-info-box text-center icon-alignment-top box-style-base color-scheme-dark  hover2 left_icon\" onclick=\"window.location.href='\/Contacto'\" >\n                            \n\t\t\t\t\t\t\t\t\t<div class=\"box-icon-wrapper\">\n\t\t\t\t\t\t<div class=\"info-box-icon\">\n\t\t\t\t\t\t\t\t\t\t\t\t\t\t\t\t\t\t\t\t\t\t\t\t\t\t\t\t\t\t\t\t\t\t                                <div class=\"has_icon\"><span style=\"color:#753a88\" class=\"ion-ios-speedometer\"><\/span><\/div>                                                                                                \n\t\t\t\t\t\t<\/div>\n\t\t\t\t\t<\/div>\n\t\t\t\t\t\t\t\t<div class=\"info-box-content\">\n\t\t\t\t\t<div class=\"info-box-inner\">\n                        <p>\n\t\t\t\t\t\t<\/p>\n<h4 style=\"font-size: 16px; margin-bottom: 15px;\">Planificaci\u00f3n de Gastos<\/h4>\n<p>La planificaci\u00f3n de gastos implica establecer un presupuesto y una estrategia para la administraci\u00f3n efectiva de los recursos financieros disponibles.\t\t\t\t\t<\/div>\n\t\t\t\t<\/div>\n                \t\t\t<\/div>\n\t\t<\/div><\/div><\/div><div class=\"wpb_column vc_column_container vc_col-sm-4\"><div class=\"vc_column-inner vc_custom_1515569668353\"><div class=\"wpb_wrapper\">\t\t\t<div class=\"wpb_animate_when_almost_visible wpb_fadeInUp fadeInUp cursor-pointer kloud-info-box text-center icon-alignment-top box-style-base color-scheme-dark  hover2 left_icon\" onclick=\"window.location.href='\/Contacto'\" >\n                            \n\t\t\t\t\t\t\t\t\t<div class=\"box-icon-wrapper\">\n\t\t\t\t\t\t<div class=\"info-box-icon\">\n\t\t\t\t\t\t\t\t\t\t\t\t\t\t\t\t\t\t\t\t\t\t\t\t\t\t\t\t\t\t\t\t\t\t                                <div class=\"has_icon\"><span style=\"color:\" class=\"ion-android-settings\"><\/span><\/div>                                                                                                \n\t\t\t\t\t\t<\/div>\n\t\t\t\t\t<\/div>\n\t\t\t\t\t\t\t\t<div class=\"info-box-content\">\n\t\t\t\t\t<div class=\"info-box-inner\">\n                        <p>\n\t\t\t\t\t\t<\/p>\n<h4 style=\"font-size: 16px; margin-bottom: 15px;\">ADN Empresarial<\/h4>\n<p>El ADN empresarial es la esencia \u00fanica de una empresa, su cultura, valores y forma de operar que la distingue de otras.\t\t\t\t\t<\/div>\n\t\t\t\t<\/div>\n                \t\t\t<\/div>\n\t\t<\/div><\/div><\/div><\/div><\/div><\/div><\/div>\n\t\t\t\t<\/div>\n\t\t\t<\/div><div class=\"vc_row wpb_row vc_row-fluid vc_custom_1513735495966\">\n\t\t\t\t<div   class=\"jws-vc-row-ovelay\"><\/div>\n                <div  class=\"jws-over-lay\"><\/div>\n\t\t\t\t<div class=\"container\">\n\t\t\t\t\t<div class=\"wpb_column vc_column_container vc_col-sm-12\"><div class=\"vc_column-inner\"><div class=\"wpb_wrapper\"><h4 style=\"font-size: 30px;color: #171717;line-height: 30px;text-align: center;font-family:Montserrat;font-weight:400;font-style:normal\" class=\"vc_custom_heading weight_500 wpb_animate_when_almost_visible wpb_fadeInUp fadeInUp vc_custom_1682123646654\" >EL PROCESO<\/h4><p style=\"font-size: 16px;color: #68686d;line-height: 29px;text-align: center;font-family:Montserrat;font-weight:400;font-style:normal\" class=\"vc_custom_heading wpb_animate_when_almost_visible wpb_fadeInUp fadeInUp\" ><\/p><\/div><\/div><\/div>\n\t\t\t\t<\/div>\n\t\t\t<\/div><div class=\"vc_row wpb_row vc_row-fluid vc_custom_1515569763426\">\n\t\t\t\t<div   class=\"jws-vc-row-ovelay\"><\/div>\n                <div  class=\"jws-over-lay\"><\/div>\n\t\t\t\t<div class=\"container\">\n\t\t\t\t\t<div class=\"wpb_animate_when_almost_visible wpb_flipInX flipInX wpb_column vc_column_container vc_col-sm-12\"><div class=\"vc_column-inner\"><div class=\"wpb_wrapper\"><div class=\"vc_row wpb_row vc_inner vc_row-fluid\"><div class=\"wpb_column vc_column_container vc_col-sm-6 vc_col-lg-3 vc_col-md-3\"><div class=\"vc_column-inner vc_custom_1515569811945\"><div class=\"wpb_wrapper\">\t\t\t<div class=\"cursor-pointer kloud-info-box text-left icon-alignment-top box-style-base color-scheme-dark  hover1 process_icon\" onclick=\"window.location.href='\/Contacto'\" >\n                            \n\t\t\t\t\t\t\t\t\t<div class=\"box-icon-wrapper\">\n\t\t\t\t\t\t<div class=\"info-box-icon\">\n\t\t\t\t\t\t\t\t\t\t\t\t\t\t\t\t\t\t\t\t\t\t\t\t\t\t\t\t\t\t\t\t\t\t                                <div class=\"has_icon\"><span style=\"color:#82b440\" class=\"ion-paintbucket\"><\/span><\/div>                                <div class='number_process'>01<\/div>                                                                \n\t\t\t\t\t\t<\/div>\n\t\t\t\t\t<\/div>\n\t\t\t\t\t\t\t\t<div class=\"info-box-content\">\n\t\t\t\t\t<div class=\"info-box-inner\">\n                        <p>\n\t\t\t\t\t\t<\/p>\n<h4 style=\"font-size: 16px; margin-bottom: 15px;\">Define tus Objetivos<\/h4>\n<p>Antes de asistir a un Trade show, es importante que definas claramente qu\u00e9 es lo que quieres lograr con tu participaci\u00f3n.\t\t\t\t\t<\/div>\n\t\t\t\t<\/div>\n                \t\t\t<\/div>\n\t\t<\/div><\/div><\/div><div class=\"wpb_column vc_column_container vc_col-sm-6 vc_col-lg-3 vc_col-md-3\"><div class=\"vc_column-inner vc_custom_1515569821978\"><div class=\"wpb_wrapper\">\t\t\t<div class=\"cursor-pointer kloud-info-box text-left icon-alignment-top box-style-base color-scheme-dark  hover1 process_icon\" onclick=\"window.location.href='\/Contacto'\" >\n                            \n\t\t\t\t\t\t\t\t\t<div class=\"box-icon-wrapper\">\n\t\t\t\t\t\t<div class=\"info-box-icon\">\n\t\t\t\t\t\t\t\t\t\t\t\t\t\t\t\t\t\t\t\t\t\t\t\t\t\t\t\t\t\t\t\t\t\t                                <div class=\"has_icon\"><span style=\"color:#02c1b2\" class=\"ion-images\"><\/span><\/div>                                <div class='number_process'>02<\/div>                                                                \n\t\t\t\t\t\t<\/div>\n\t\t\t\t\t<\/div>\n\t\t\t\t\t\t\t\t<div class=\"info-box-content\">\n\t\t\t\t\t<div class=\"info-box-inner\">\n                        <p>\n\t\t\t\t\t\t<\/p>\n<h4 style=\"font-size: 16px; margin-bottom: 15px;\">Prepara tu Stand<\/h4>\n<p>El stand es uno de los elementos m\u00e1s importantes en una feria comercial, ya que es la primera impresi\u00f3n que tendr\u00e1n los visitantes de tu empresa\t\t\t\t\t<\/div>\n\t\t\t\t<\/div>\n                \t\t\t<\/div>\n\t\t<\/div><\/div><\/div><div class=\"wpb_column vc_column_container vc_col-sm-6 vc_col-lg-3 vc_col-md-3\"><div class=\"vc_column-inner vc_custom_1515569831553\"><div class=\"wpb_wrapper\">\t\t\t<div class=\"cursor-pointer kloud-info-box text-left icon-alignment-top box-style-base color-scheme-dark  hover1 process_icon\" onclick=\"window.location.href='\/Contacto'\" >\n                            \n\t\t\t\t\t\t\t\t\t<div class=\"box-icon-wrapper\">\n\t\t\t\t\t\t<div class=\"info-box-icon\">\n\t\t\t\t\t\t\t\t\t\t\t\t\t\t\t\t\t\t\t\t\t\t\t\t\t\t\t\t\t\t\t\t\t\t                                <div class=\"has_icon\"><span style=\"color:#00aeef\" class=\"ion-monitor\"><\/span><\/div>                                <div class='number_process'>03<\/div>                                                                \n\t\t\t\t\t\t<\/div>\n\t\t\t\t\t<\/div>\n\t\t\t\t\t\t\t\t<div class=\"info-box-content\">\n\t\t\t\t\t<div class=\"info-box-inner\">\n                        <p>\n\t\t\t\t\t\t<\/p>\n<h4 style=\"font-size: 16px; margin-bottom: 15px;\">Promoci\u00f3na tu Participaci\u00f3n<\/h4>\n<p>Es importante que promociones tu participaci\u00f3n en la feria comercial con anticipaci\u00f3n, para que tus clientes y contactos sepan que estar\u00e1s presente.\t\t\t\t\t<\/div>\n\t\t\t\t<\/div>\n                \t\t\t<\/div>\n\t\t<\/div><\/div><\/div><div class=\"wpb_column vc_column_container vc_col-sm-6 vc_col-lg-3 vc_col-md-3\"><div class=\"vc_column-inner vc_custom_1515569843057\"><div class=\"wpb_wrapper\">\t\t\t<div class=\"cursor-pointer kloud-info-box text-left icon-alignment-top box-style-base color-scheme-dark  hover1 process_icon\" onclick=\"window.location.href='\/Contacto'\" >\n                            \n\t\t\t\t\t\t\t\t\t<div class=\"box-icon-wrapper\">\n\t\t\t\t\t\t<div class=\"info-box-icon\">\n\t\t\t\t\t\t\t\t\t\t\t\t\t\t\t\t\t\t\t\t\t\t\t\t\t\t\t\t\t\t\t\t\t\t                                <div class=\"has_icon\"><span style=\"color:#ec008c\" class=\"ion-cube\"><\/span><\/div>                                <div class='number_process'>04<\/div>                                                                \n\t\t\t\t\t\t<\/div>\n\t\t\t\t\t<\/div>\n\t\t\t\t\t\t\t\t<div class=\"info-box-content\">\n\t\t\t\t\t<div class=\"info-box-inner\">\n                        <p>\n\t\t\t\t\t\t<\/p>\n<h4 style=\"font-size: 16px; margin-bottom: 15px;\">Realizar Seguimiento Post-Evento<\/h4>\n<p>Una vez que la feria comercial haya terminado, es importante que realices un seguimiento a las personas que se acercaron a tu stand\t\t\t\t\t<\/div>\n\t\t\t\t<\/div>\n                \t\t\t<\/div>\n\t\t<\/div><\/div><\/div><\/div><\/div><\/div><\/div>\n\t\t\t\t<\/div>\n\t\t\t<\/div>\n<\/section>","protected":false},"excerpt":{"rendered":"GM Trade Show con su experiencia de 20 a\u00f1os ofrece servicios de asesoramiento y acompa\u00f1amiento en ferias comerciales, conocidas como \"Trade shows\", en las que nuestros clientes pueden exhibir sus productos y servicios a nivel nacional e internacional. Adem\u00e1s, nos especializamos en la venta de artesan\u00edas, marroquinera y joyas con esmeraldas colombianas, ofreciendo productos \u00fanicos [...]","protected":false},"author":1,"featured_media":0,"parent":0,"menu_order":0,"comment_status":"closed","ping_status":"closed","template":"","meta":{"footnotes":""},"class_list":["post-988","page","type-page","status-publish","hentry"],"_links":{"self":[{"href":"https:\/\/gmtradeshow.com\/en\/wp-json\/wp\/v2\/pages\/988","targetHints":{"allow":["GET"]}}],"collection":[{"href":"https:\/\/gmtradeshow.com\/en\/wp-json\/wp\/v2\/pages"}],"about":[{"href":"https:\/\/gmtradeshow.com\/en\/wp-json\/wp\/v2\/types\/page"}],"author":[{"embeddable":true,"href":"https:\/\/gmtradeshow.com\/en\/wp-json\/wp\/v2\/users\/1"}],"replies":[{"embeddable":true,"href":"https:\/\/gmtradeshow.com\/en\/wp-json\/wp\/v2\/comments?post=988"}],"version-history":[{"count":32,"href":"https:\/\/gmtradeshow.com\/en\/wp-json\/wp\/v2\/pages\/988\/revisions"}],"predecessor-version":[{"id":2253,"href":"https:\/\/gmtradeshow.com\/en\/wp-json\/wp\/v2\/pages\/988\/revisions\/2253"}],"wp:attachment":[{"href":"https:\/\/gmtradeshow.com\/en\/wp-json\/wp\/v2\/media?parent=988"}],"curies":[{"name":"wp","href":"https:\/\/api.w.org\/{rel}","templated":true}]}}