{"id":2246,"date":"2023-05-04T00:50:52","date_gmt":"2023-05-04T00:50:52","guid":{"rendered":"https:\/\/gmtradeshow.com\/?post_type=product&#038;p=2246"},"modified":"2023-05-04T02:23:41","modified_gmt":"2023-05-04T02:23:41","slug":"anillo-esmeralda","status":"publish","type":"product","link":"https:\/\/gmtradeshow.com\/en\/shop\/anillo-esmeralda\/","title":{"rendered":"Anillo Esmeralda"},"content":{"rendered":"<p><span data-sheets-value=\"{&quot;1&quot;:2,&quot;2&quot;:&quot;Anillo de compromiso de oro blanco 18k con esmeralda talla cushion 1ct aprox con 20 diamantes talla brillante de 0.01ct cada uno.&quot;}\" data-sheets-userformat=\"{&quot;2&quot;:15233,&quot;3&quot;:{&quot;1&quot;:0},&quot;10&quot;:1,&quot;11&quot;:4,&quot;12&quot;:0,&quot;14&quot;:{&quot;1&quot;:2,&quot;2&quot;:0},&quot;15&quot;:&quot;Calibri, sans-serif&quot;,&quot;16&quot;:11}\"><span style=\"font-family: 'American Typewriter'; font-weight: normal;\">Anillo de compromiso de plata 950 con esmeralda talla cushion 1ct con 20 diamantes talla brillante de 0.01ct u<\/span><\/span><span style=\"font-family: 'American Typewriter';\">na hermosa esmeralda en la especial talla cushion es la protagonista de este dise\u00f1o, s\u00edmbolo de amor incondicional, l\u00edneas fluidas y refinadas traen 20 circones que inspiran a la uni\u00f3n y la armon\u00eda.<\/span><\/p>","protected":false},"excerpt":{"rendered":"<p><span data-sheets-value=\"{&quot;1&quot;:2,&quot;2&quot;:&quot;Anillo de compromiso de oro blanco 18k con esmeralda talla cushion 1ct aprox con 20 diamantes talla brillante de 0.01ct cada uno.&quot;}\" data-sheets-userformat=\"{&quot;2&quot;:15233,&quot;3&quot;:{&quot;1&quot;:0},&quot;10&quot;:1,&quot;11&quot;:4,&quot;12&quot;:0,&quot;14&quot;:{&quot;1&quot;:2,&quot;2&quot;:0},&quot;15&quot;:&quot;Calibri, sans-serif&quot;,&quot;16&quot;:11}\"><span style=\"font-family: 'American Typewriter'; font-weight: normal;\">Anillo de compromiso de plata 950 con esmeralda talla cushion 1ct con 20 diamantes talla brillante de 0.01ct u<\/span><\/span><span style=\"font-family: 'American Typewriter';\">na hermosa esmeralda en la especial talla cushion es la protagonista de este dise\u00f1o, s\u00edmbolo de amor incondicional, l\u00edneas fluidas y refinadas traen 20 circones que inspiran a la uni\u00f3n y la armon\u00eda.<\/span><\/p>","protected":false},"featured_media":2242,"comment_status":"open","ping_status":"closed","template":"","meta":[],"product_brand":[],"product_cat":[73],"product_tag":[],"class_list":{"0":"post-2246","1":"product","2":"type-product","3":"status-publish","4":"has-post-thumbnail","6":"product_cat-anillo","8":"first","9":"instock","10":"shipping-taxable","11":"purchasable","12":"product-type-simple"},"_links":{"self":[{"href":"https:\/\/gmtradeshow.com\/en\/wp-json\/wp\/v2\/product\/2246","targetHints":{"allow":["GET"]}}],"collection":[{"href":"https:\/\/gmtradeshow.com\/en\/wp-json\/wp\/v2\/product"}],"about":[{"href":"https:\/\/gmtradeshow.com\/en\/wp-json\/wp\/v2\/types\/product"}],"replies":[{"embeddable":true,"href":"https:\/\/gmtradeshow.com\/en\/wp-json\/wp\/v2\/comments?post=2246"}],"wp:featuredmedia":[{"embeddable":true,"href":"https:\/\/gmtradeshow.com\/en\/wp-json\/wp\/v2\/media\/2242"}],"wp:attachment":[{"href":"https:\/\/gmtradeshow.com\/en\/wp-json\/wp\/v2\/media?parent=2246"}],"wp:term":[{"taxonomy":"product_brand","embeddable":true,"href":"https:\/\/gmtradeshow.com\/en\/wp-json\/wp\/v2\/product_brand?post=2246"},{"taxonomy":"product_cat","embeddable":true,"href":"https:\/\/gmtradeshow.com\/en\/wp-json\/wp\/v2\/product_cat?post=2246"},{"taxonomy":"product_tag","embeddable":true,"href":"https:\/\/gmtradeshow.com\/en\/wp-json\/wp\/v2\/product_tag?post=2246"}],"curies":[{"name":"wp","href":"https:\/\/api.w.org\/{rel}","templated":true}]}}