{"id":953,"date":"2017-12-18T06:43:13","date_gmt":"2017-12-18T06:43:13","guid":{"rendered":"http:\/\/klound.gavencreative.com\/?post_type=product&#038;p=953"},"modified":"2023-04-23T02:58:05","modified_gmt":"2023-04-23T02:58:05","slug":"jarron-werregue","status":"publish","type":"product","link":"https:\/\/gmtradeshow.com\/en\/shop\/jarron-werregue\/","title":{"rendered":"Jarr\u00f3n W\u00e9rregue"},"content":{"rendered":"<section class=\"wpb-content-wrapper\"><div class=\"vc_row wpb_row vc_row-fluid vc_custom_1513669428089\">\n\t\t\t\t<div   class=\"jws-vc-row-ovelay\"><\/div>\n                <div  class=\"jws-over-lay\"><\/div>\n\t\t\t\t<div class=\"container\">\n\t\t\t\t\t<div class=\"wpb_column vc_column_container vc_col-sm-12\"><div class=\"vc_column-inner\"><div class=\"wpb_wrapper\">\n\t<div class=\"wpb_text_column wpb_content_element  vc_custom_1682217879918\" >\n\t\t<div class=\"wpb_wrapper\">\n\t\t\t<p>\u00danicos de Colombia, as\u00ed es el jarr\u00f3n de w\u00e9rregue, elaborados por los ind\u00edgenas Wounaan quienes habitan el departamento del Choc\u00f3 en el pac\u00edfico colombiano. Utilizando las fibras de la palma que da el nombre a los jarrones, los ni\u00f1os observan a los mayores y empiezan la pr\u00e1ctica con fibras m\u00e1s maleables y, a medida que crecen, adquieren la habilidad para tejer estas hermosas piezas cuyos dise\u00f1os representan su cosmovisi\u00f3n. Al crecer los ni\u00f1os, ahora siendo hombres se dedican a recoger los cogollos de la palma, para entregarlos a las ni\u00f1as, ahora mujeres quienes se dedicar\u00e1n a tejer estos jarrones, tan fuertes y compactos que, en algunos casos, incluso pueden transportar agua.<\/p>\n\n\t\t<\/div>\n\t<\/div>\n\n\t<div class=\"wpb_text_column wpb_content_element\" >\n\t\t<div class=\"wpb_wrapper\">\n\t\t\t<p>La naturaleza es fuente inmensa de fibras, texturas, colores y magia pues las plantas brindan desinteresadas sus frutos, hojas y tallos para extraer de all\u00ed los m\u00e1s finos hilos y los animales prestan sus suaves pelajes para ser transformados en abrigadores tejidos. As\u00ed, gracias a las manos artesanas, estos se convierten en objetos y prendas que nos conectan con el planeta.<\/p>\n\n\t\t<\/div>\n\t<\/div>\n<\/div><\/div><\/div>\n\t\t\t\t<\/div>\n\t\t\t<\/div>\n<\/section>","protected":false},"excerpt":{"rendered":"<p>\u00danicos de Colombia, as\u00ed es el jarr\u00f3n de w\u00e9rregue, elaborados por los ind\u00edgenas Wounaan quienes habitan el departamento del Choc\u00f3 en el pac\u00edfico colombiano. Utilizando las fibras de la palma que da el nombre a los jarrones, los ni\u00f1os observan a los mayores y empiezan la pr\u00e1ctica con fibras m\u00e1s maleables y, a medida que crecen, adquieren la habilidad para tejer estas hermosas piezas cuyos dise\u00f1os representan su cosmovisi\u00f3n. Al crecer los ni\u00f1os, ahora siendo hombres se dedican a recoger los cogollos de la palma, para entregarlos a las ni\u00f1as, ahora mujeres quienes se dedicar\u00e1n a tejer estos jarrones, tan fuertes y compactos que, en algunos casos, incluso pueden transportar agua.<\/p>\n<p>Dale a tus espacios un toque especial con estos art\u00edculos. Sus formas y colores \u00fanicos, as\u00ed como la gran variedad de t\u00e9cnicas artesanales con las que se fabrican, hacen que sean el accesorio perfecto para que una mesa o una repisa pasen de ser comunes a ser extraordinarias.<\/p>","protected":false},"featured_media":2160,"comment_status":"open","ping_status":"closed","template":"","meta":[],"product_brand":[],"product_cat":[76],"product_tag":[50,49],"class_list":{"0":"post-953","1":"product","2":"type-product","3":"status-publish","4":"has-post-thumbnail","6":"product_cat-jarron-werregue","7":"product_tag-soft","8":"product_tag-women","10":"first","11":"outofstock","12":"shipping-taxable","13":"purchasable","14":"product-type-simple"},"_links":{"self":[{"href":"https:\/\/gmtradeshow.com\/en\/wp-json\/wp\/v2\/product\/953","targetHints":{"allow":["GET"]}}],"collection":[{"href":"https:\/\/gmtradeshow.com\/en\/wp-json\/wp\/v2\/product"}],"about":[{"href":"https:\/\/gmtradeshow.com\/en\/wp-json\/wp\/v2\/types\/product"}],"replies":[{"embeddable":true,"href":"https:\/\/gmtradeshow.com\/en\/wp-json\/wp\/v2\/comments?post=953"}],"wp:featuredmedia":[{"embeddable":true,"href":"https:\/\/gmtradeshow.com\/en\/wp-json\/wp\/v2\/media\/2160"}],"wp:attachment":[{"href":"https:\/\/gmtradeshow.com\/en\/wp-json\/wp\/v2\/media?parent=953"}],"wp:term":[{"taxonomy":"product_brand","embeddable":true,"href":"https:\/\/gmtradeshow.com\/en\/wp-json\/wp\/v2\/product_brand?post=953"},{"taxonomy":"product_cat","embeddable":true,"href":"https:\/\/gmtradeshow.com\/en\/wp-json\/wp\/v2\/product_cat?post=953"},{"taxonomy":"product_tag","embeddable":true,"href":"https:\/\/gmtradeshow.com\/en\/wp-json\/wp\/v2\/product_tag?post=953"}],"curies":[{"name":"wp","href":"https:\/\/api.w.org\/{rel}","templated":true}]}}