{"id":968,"date":"2023-04-18T09:16:00","date_gmt":"2023-04-18T09:16:00","guid":{"rendered":"http:\/\/klound.gavencreative.com\/?post_type=product&#038;p=968"},"modified":"2023-04-24T23:44:29","modified_gmt":"2023-04-24T23:44:29","slug":"billetera-mujer-cuero-mola","status":"publish","type":"product","link":"https:\/\/gmtradeshow.com\/en\/shop\/billetera-mujer-cuero-mola\/","title":{"rendered":"Billetera Mujer Cuero Mola"},"content":{"rendered":"<section class=\"wpb-content-wrapper\"><div class=\"vc_row wpb_row vc_row-fluid vc_custom_1513669428089\">\n\t\t\t\t<div   class=\"jws-vc-row-ovelay\"><\/div>\n                <div  class=\"jws-over-lay\"><\/div>\n\t\t\t\t<div class=\"container\">\n\t\t\t\t\t<div class=\"wpb_column vc_column_container vc_col-sm-12\"><div class=\"vc_column-inner\"><div class=\"wpb_wrapper\">\n\t<div class=\"wpb_text_column wpb_content_element  vc_custom_1682379813092\" >\n\t\t<div class=\"wpb_wrapper\">\n\t\t\t<p>Este producto artesanal tiene una pieza que se llama <strong>MOLA,<\/strong> y este es un tejido elaborado con figuras geom\u00e9tricas realizado por los ind\u00edgenas <strong>KUNA<\/strong>. Las molas son dise\u00f1os inspirados en la naturaleza, <strong>NUNCA<\/strong> se repiten, cada ind\u00edgena transfiere su sentir en cada pieza que elabora, existen billeteras con el mismo color y forma, pero son diferentes por el dise\u00f1o <strong>EXCLUSIVO<\/strong> de cada mola.<\/p>\n\n\t\t<\/div>\n\t<\/div>\n\n\t<div class=\"wpb_text_column wpb_content_element\" >\n\t\t<div class=\"wpb_wrapper\">\n\t\t\t<p>Es necesario precisar que la pieza que aparece en la fotograf\u00eda no es la que va a estar disponible en su momento de la compra, el modelo del bolso y color de cuero va hacer posible, pero la Mola no ya que esa es \u00fanica e irrepetible, podemos suministrar fotograf\u00edas de los que est\u00e1n disponible y tomar su mejor elecci\u00f3n.<\/p>\n\n\t\t<\/div>\n\t<\/div>\n<\/div><\/div><\/div>\n\t\t\t\t<\/div>\n\t\t\t<\/div>\n<\/section>","protected":false},"excerpt":{"rendered":"<p>Billetera Larga para Dama hecha en Cuero con apliques en Tela Mola<\/p>\n<p>Billetera para Dama elaborada en Cuero con apliques en Tela Mola, artesan\u00eda colombiana hecha a mano por las ind\u00edgenas Kuna a trav\u00e9s de una t\u00e9cnica de sobreposici\u00f3n de telas bordadas.<\/p>\n<p>Elegante dise\u00f1o y de gran capacidad, colores variados<\/p>","protected":false},"featured_media":2158,"comment_status":"open","ping_status":"closed","template":"","meta":[],"product_brand":[],"product_cat":[75],"product_tag":[50,49],"class_list":{"0":"post-968","1":"product","2":"type-product","3":"status-publish","4":"has-post-thumbnail","6":"product_cat-billetera-mujer-cuero-mola","7":"product_tag-soft","8":"product_tag-women","10":"first","11":"onbackorder","12":"shipping-taxable","13":"purchasable","14":"product-type-simple"},"_links":{"self":[{"href":"https:\/\/gmtradeshow.com\/en\/wp-json\/wp\/v2\/product\/968","targetHints":{"allow":["GET"]}}],"collection":[{"href":"https:\/\/gmtradeshow.com\/en\/wp-json\/wp\/v2\/product"}],"about":[{"href":"https:\/\/gmtradeshow.com\/en\/wp-json\/wp\/v2\/types\/product"}],"replies":[{"embeddable":true,"href":"https:\/\/gmtradeshow.com\/en\/wp-json\/wp\/v2\/comments?post=968"}],"wp:featuredmedia":[{"embeddable":true,"href":"https:\/\/gmtradeshow.com\/en\/wp-json\/wp\/v2\/media\/2158"}],"wp:attachment":[{"href":"https:\/\/gmtradeshow.com\/en\/wp-json\/wp\/v2\/media?parent=968"}],"wp:term":[{"taxonomy":"product_brand","embeddable":true,"href":"https:\/\/gmtradeshow.com\/en\/wp-json\/wp\/v2\/product_brand?post=968"},{"taxonomy":"product_cat","embeddable":true,"href":"https:\/\/gmtradeshow.com\/en\/wp-json\/wp\/v2\/product_cat?post=968"},{"taxonomy":"product_tag","embeddable":true,"href":"https:\/\/gmtradeshow.com\/en\/wp-json\/wp\/v2\/product_tag?post=968"}],"curies":[{"name":"wp","href":"https:\/\/api.w.org\/{rel}","templated":true}]}}