{"id":971,"date":"2020-06-12T00:00:42","date_gmt":"2020-06-12T00:00:42","guid":{"rendered":"http:\/\/klound.gavencreative.com\/?post_type=product&#038;p=971"},"modified":"2023-04-23T00:37:35","modified_gmt":"2023-04-23T00:37:35","slug":"mochila-wayuu-a","status":"publish","type":"product","link":"https:\/\/gmtradeshow.com\/en\/shop\/mochila-wayuu-a\/","title":{"rendered":"Mochila Wayuu -a"},"content":{"rendered":"<section class=\"wpb-content-wrapper\"><div class=\"vc_row wpb_row vc_row-fluid vc_custom_1513669428089\">\n\t\t\t\t<div   class=\"jws-vc-row-ovelay\"><\/div>\n                <div  class=\"jws-over-lay\"><\/div>\n\t\t\t\t<div class=\"container\">\n\t\t\t\t\t<div class=\"wpb_column vc_column_container vc_col-sm-12\"><div class=\"vc_column-inner\"><div class=\"wpb_wrapper\">\n\t<div class=\"wpb_text_column wpb_content_element  vc_custom_1682209453111\" >\n\t\t<div class=\"wpb_wrapper\">\n\t\t\t<p style=\"font-weight: 400;\">Mochila Wayuu de alta calidad, elaborada a mano por la Etnia Wayuu de Colombia. El proceso de elaboraci\u00f3n o construcci\u00f3n de esta mochila toma alrededor de diez d\u00edas, utilizando t\u00e9cnicas ancestrales de tejido. Cada mochila Wayuu est\u00e1 totalmente hecha \u00a0a mano, y por esta raz\u00f3n es \u00fanica. Al ser elaboradas a mano presenta algunas imperfecciones que se deben a la fabricaci\u00f3n ancestral.<\/p>\n<p style=\"font-weight: 400;\"><strong>Caracter\u00edsticas:<\/strong><\/p>\n<p style=\"font-weight: 400;\"><strong>Dimensiones:<\/strong>\u00a032 \u00d7 22 \u00d7 29 cm aprox<\/p>\n<p style=\"font-weight: 400;\"><strong>Tama\u00f1o de la correa:<\/strong>\u00a01 metro aprox.<\/p>\n\n\t\t<\/div>\n\t<\/div>\n\n\t<div class=\"wpb_text_column wpb_content_element\" >\n\t\t<div class=\"wpb_wrapper\">\n\t\t\t<p>Las mochilas Wayuu est\u00e1n elaboradas a mano por la Etnia Wayuu. Los Wayuus son un pueblo originario de Colombia que vive en el noreste del pa\u00eds, en el desierto de La Guajira. Utilizan t\u00e9cnicas ancestrales de tejido para elaborar estos hermosos bolsos<\/p>\n\n\t\t<\/div>\n\t<\/div>\n<\/div><\/div><\/div>\n\t\t\t\t<\/div>\n\t\t\t<\/div>\n<\/section>","protected":false},"excerpt":{"rendered":"<p>Mochila Wayuu de alta calidad, elaborada a mano por la Etnia Wayuu de Colombia. El proceso de elaboraci\u00f3n o construcci\u00f3n de esta mochila toma alrededor de diez d\u00edas, utilizando t\u00e9cnicas ancestrales de tejido. Cada mochila Wayuu est\u00e1 totalmente hecha \u00a0a mano, y por esta raz\u00f3n es \u00fanica. Al ser elaboradas a mano presenta algunas imperfecciones que se deben a la fabricaci\u00f3n ancestral.<\/p>","protected":false},"featured_media":2142,"comment_status":"open","ping_status":"closed","template":"","meta":[],"product_brand":[],"product_cat":[71],"product_tag":[50,49],"class_list":{"0":"post-971","1":"product","2":"type-product","3":"status-publish","4":"has-post-thumbnail","6":"product_cat-mochila-wayuu","7":"product_tag-soft","8":"product_tag-women","10":"first","11":"instock","12":"shipping-taxable","13":"purchasable","14":"product-type-simple"},"_links":{"self":[{"href":"https:\/\/gmtradeshow.com\/en\/wp-json\/wp\/v2\/product\/971","targetHints":{"allow":["GET"]}}],"collection":[{"href":"https:\/\/gmtradeshow.com\/en\/wp-json\/wp\/v2\/product"}],"about":[{"href":"https:\/\/gmtradeshow.com\/en\/wp-json\/wp\/v2\/types\/product"}],"replies":[{"embeddable":true,"href":"https:\/\/gmtradeshow.com\/en\/wp-json\/wp\/v2\/comments?post=971"}],"wp:featuredmedia":[{"embeddable":true,"href":"https:\/\/gmtradeshow.com\/en\/wp-json\/wp\/v2\/media\/2142"}],"wp:attachment":[{"href":"https:\/\/gmtradeshow.com\/en\/wp-json\/wp\/v2\/media?parent=971"}],"wp:term":[{"taxonomy":"product_brand","embeddable":true,"href":"https:\/\/gmtradeshow.com\/en\/wp-json\/wp\/v2\/product_brand?post=971"},{"taxonomy":"product_cat","embeddable":true,"href":"https:\/\/gmtradeshow.com\/en\/wp-json\/wp\/v2\/product_cat?post=971"},{"taxonomy":"product_tag","embeddable":true,"href":"https:\/\/gmtradeshow.com\/en\/wp-json\/wp\/v2\/product_tag?post=971"}],"curies":[{"name":"wp","href":"https:\/\/api.w.org\/{rel}","templated":true}]}}