{"id":972,"date":"2023-04-12T00:00:11","date_gmt":"2023-04-12T00:00:11","guid":{"rendered":"http:\/\/klound.gavencreative.com\/?post_type=product&#038;p=972"},"modified":"2023-05-04T01:19:01","modified_gmt":"2023-05-04T01:19:01","slug":"anillo-esmeralda-cua1","status":"publish","type":"product","link":"https:\/\/gmtradeshow.com\/en\/shop\/anillo-esmeralda-cua1\/","title":{"rendered":"Anillo Esmeralda Cua1"},"content":{"rendered":"<section class=\"wpb-content-wrapper\"><div class=\"vc_row wpb_row vc_row-fluid\">\n\t\t\t\t<div   class=\"jws-vc-row-ovelay\"><\/div>\n                <div  class=\"jws-over-lay\"><\/div>\n\t\t\t\t<div class=\"container\">\n\t\t\t\t\t<div class=\"wpb_column vc_column_container vc_col-sm-12\"><div class=\"vc_column-inner\"><div class=\"wpb_wrapper\">\n\t<div class=\"wpb_text_column wpb_content_element\" >\n\t\t<div class=\"wpb_wrapper\">\n\t\t\t<p>1<\/p>\n\n\t\t<\/div>\n\t<\/div>\n<\/div><\/div><\/div>\n\t\t\t\t<\/div>\n\t\t\t<\/div><div class=\"vc_row wpb_row vc_row-fluid vc_custom_1513669428089\">\n\t\t\t\t<div   class=\"jws-vc-row-ovelay\"><\/div>\n                <div  class=\"jws-over-lay\"><\/div>\n\t\t\t\t<div class=\"container\">\n\t\t\t\t\t<div class=\"wpb_column vc_column_container vc_col-sm-12\"><div class=\"vc_column-inner\"><div class=\"wpb_wrapper\">\n\t<div class=\"wpb_text_column wpb_content_element  vc_custom_1683162989097\" >\n\t\t<div class=\"wpb_wrapper\">\n\t\t\t<h2><span data-sheets-value=\"{&quot;1&quot;:2,&quot;2&quot;:&quot;Anillo de compromiso de oro blanco 18k con esmeralda talla cushion 1ct aprox con 20 diamantes talla brillante de 0.01ct cada uno.&quot;}\" data-sheets-userformat=\"{&quot;2&quot;:15233,&quot;3&quot;:{&quot;1&quot;:0},&quot;10&quot;:1,&quot;11&quot;:4,&quot;12&quot;:0,&quot;14&quot;:{&quot;1&quot;:2,&quot;2&quot;:0},&quot;15&quot;:&quot;Calibri, sans-serif&quot;,&quot;16&quot;:11}\"><span style=\"font-family: 'American Typewriter'; font-weight: normal;\">Anillo de compromiso de plata 950 con esmeralda talla cushion 1ct con 20 diamantes talla brillante de 0.01ct<\/span><\/span><\/h2>\n<p><span style=\"font-family: American Typewriter;\">\u00a0<\/span><\/p>\n<h2 class=\"nitro-offscreen\"><span style=\"font-family: 'American Typewriter'; font-weight: normal;\">Una hermosa esmeralda en la especial talla cushion es la protagonista de este dise\u00f1o, s\u00edmbolo de amor incondicional, l\u00edneas fluidas y refinadas traen 20 circones que inspiran a la uni\u00f3n y la armon\u00eda.<\/span><\/h2>\n\n\t\t<\/div>\n\t<\/div>\n\n\t<div class=\"wpb_text_column wpb_content_element\" >\n\t\t<div class=\"wpb_wrapper\">\n\t\t\t\n\t\t<\/div>\n\t<\/div>\n<\/div><\/div><\/div>\n\t\t\t\t<\/div>\n\t\t\t<\/div>\n<\/section>","protected":false},"excerpt":{"rendered":"<h2><span data-sheets-value=\"{&quot;1&quot;:2,&quot;2&quot;:&quot;Anillo de compromiso de oro blanco 18k con esmeralda talla cushion 1ct aprox con 20 diamantes talla brillante de 0.01ct cada uno.&quot;}\" data-sheets-userformat=\"{&quot;2&quot;:15233,&quot;3&quot;:{&quot;1&quot;:0},&quot;10&quot;:1,&quot;11&quot;:4,&quot;12&quot;:0,&quot;14&quot;:{&quot;1&quot;:2,&quot;2&quot;:0},&quot;15&quot;:&quot;Calibri, sans-serif&quot;,&quot;16&quot;:11}\"><span style=\"font-family: 'American Typewriter'; font-weight: normal;\">Anillo de compromiso de plata 950 con esmeralda talla cushion 1ct con 20 diamantes talla brillante de 0.01ct<\/span><\/span><\/h2>\n<p><span style=\"font-family: American Typewriter;\">\u00a0<\/span><\/p>\n<h2 class=\"nitro-offscreen\"><span style=\"font-family: 'American Typewriter'; font-weight: normal;\">Una hermosa esmeralda en la especial talla cushion es la protagonista de este dise\u00f1o, s\u00edmbolo de amor incondicional, l\u00edneas fluidas y refinadas traen 20 circones que inspiran a la uni\u00f3n y la armon\u00eda.<\/span><\/h2>","protected":false},"featured_media":2155,"comment_status":"open","ping_status":"closed","template":"","meta":[],"product_brand":[],"product_cat":[73,40],"product_tag":[50,49],"class_list":{"0":"post-972","1":"product","2":"type-product","3":"status-publish","4":"has-post-thumbnail","6":"product_cat-anillo","7":"product_cat-t-shirt","8":"product_tag-soft","9":"product_tag-women","11":"first","12":"instock","13":"shipping-taxable","14":"purchasable","15":"product-type-simple"},"_links":{"self":[{"href":"https:\/\/gmtradeshow.com\/en\/wp-json\/wp\/v2\/product\/972","targetHints":{"allow":["GET"]}}],"collection":[{"href":"https:\/\/gmtradeshow.com\/en\/wp-json\/wp\/v2\/product"}],"about":[{"href":"https:\/\/gmtradeshow.com\/en\/wp-json\/wp\/v2\/types\/product"}],"replies":[{"embeddable":true,"href":"https:\/\/gmtradeshow.com\/en\/wp-json\/wp\/v2\/comments?post=972"}],"wp:featuredmedia":[{"embeddable":true,"href":"https:\/\/gmtradeshow.com\/en\/wp-json\/wp\/v2\/media\/2155"}],"wp:attachment":[{"href":"https:\/\/gmtradeshow.com\/en\/wp-json\/wp\/v2\/media?parent=972"}],"wp:term":[{"taxonomy":"product_brand","embeddable":true,"href":"https:\/\/gmtradeshow.com\/en\/wp-json\/wp\/v2\/product_brand?post=972"},{"taxonomy":"product_cat","embeddable":true,"href":"https:\/\/gmtradeshow.com\/en\/wp-json\/wp\/v2\/product_cat?post=972"},{"taxonomy":"product_tag","embeddable":true,"href":"https:\/\/gmtradeshow.com\/en\/wp-json\/wp\/v2\/product_tag?post=972"}],"curies":[{"name":"wp","href":"https:\/\/api.w.org\/{rel}","templated":true}]}}